{"id":2,"date":"2011-11-30T14:27:31","date_gmt":"2011-11-30T13:27:31","guid":{"rendered":"http:\/\/www.henle.de\/blog\/de\/?page_id=2"},"modified":"2025-01-07T13:26:51","modified_gmt":"2025-01-07T12:26:51","slug":"beispiel-seite","status":"publish","type":"page","link":"https:\/\/blog.henle.de\/de\/beispiel-seite\/","title":{"rendered":"\u00dcber den Blog"},"content":{"rendered":"<p>Als erster deutscher Musikverlag bringt der G. HENLE VERLAG einen Experten-Blog zu aktuellen und vieldiskutierten Fragen rund um klassische Notentexte heraus. F oder Fis? Forte oder Mezzoforte? Andante oder Allegro? Wiederholung oder nicht? MM 86 oder 68? Musiker stolpern beim gewissenhaften Studium ihrer Notentexte h\u00e4ufig \u00fcber solche Fragen.<\/p>\n<p>Henle-Programmleiter Dr. Norbert M\u00fcllemann und sein hochkar\u00e4tiges musikwissenschaftliches Lektorat informieren ab sofort regelm\u00e4\u00dfig, knapp und verst\u00e4ndlich \u00fcber alle Aspekte rund um den Urtext der gro\u00dfen Klassiker. Lassen Sie sich anregen, kommentieren Sie unsere Beitr\u00e4ge oder stellen Sie Ihre eigenen Notentext-Fragen, die wir dann beantworten und gegebenenfalls als Blog-Beitrag bringen werden.<\/p>\n<p>Zuverl\u00e4ssige Expertenmeinung und Informationsaustausch. Auf Deutsch oder auf Englisch. Jeden Monat neu.<\/p>\n","protected":false},"excerpt":{"rendered":"<p>Als erster deutscher Musikverlag bringt der G. HENLE VERLAG einen &hellip; <a href=\"https:\/\/blog.henle.de\/de\/beispiel-seite\/\">Weiterlesen <span class=\"meta-nav\">&rarr;<\/span><\/a><\/p>\n","protected":false},"author":1,"featured_media":0,"parent":0,"menu_order":0,"comment_status":"closed","ping_status":"open","template":"","meta":{"footnotes":""},"_links":{"self":[{"href":"https:\/\/blog.henle.de\/de\/wp-json\/wp\/v2\/pages\/2"}],"collection":[{"href":"https:\/\/blog.henle.de\/de\/wp-json\/wp\/v2\/pages"}],"about":[{"href":"https:\/\/blog.henle.de\/de\/wp-json\/wp\/v2\/types\/page"}],"author":[{"embeddable":true,"href":"https:\/\/blog.henle.de\/de\/wp-json\/wp\/v2\/users\/1"}],"replies":[{"embeddable":true,"href":"https:\/\/blog.henle.de\/de\/wp-json\/wp\/v2\/comments?post=2"}],"version-history":[{"count":11,"href":"https:\/\/blog.henle.de\/de\/wp-json\/wp\/v2\/pages\/2\/revisions"}],"predecessor-version":[{"id":11463,"href":"https:\/\/blog.henle.de\/de\/wp-json\/wp\/v2\/pages\/2\/revisions\/11463"}],"wp:attachment":[{"href":"https:\/\/blog.henle.de\/de\/wp-json\/wp\/v2\/media?parent=2"}],"curies":[{"name":"wp","href":"https:\/\/api.w.org\/{rel}","templated":true}]}}