{"id":28,"date":"2011-06-16T07:07:25","date_gmt":"2011-06-16T07:07:25","guid":{"rendered":"http:\/\/henle.entity38.loc\/blog\/de\/?page_id=28"},"modified":"2020-09-30T09:55:27","modified_gmt":"2020-09-30T07:55:27","slug":"fragen-an-die-redaktion","status":"publish","type":"page","link":"https:\/\/blog.henle.de\/de\/fragen-an-die-redaktion\/","title":{"rendered":"Fragen an die Autoren"},"content":{"rendered":"<p>Durch den Klick auf &#8220;Senden&#8221; erlauben Sie der G. Henle Verlag e.K. die Speicherung und Verwendung Ihrer Daten wie in der Datenschutzerkl\u00e4rung beschrieben. Die Spampr\u00fcfung erfolgt \u00fcber Antispam Bee. Details hierzu sowie zu Details zur Verarbeitung Ihrer Daten und Widerrufsm\u00f6glichkeiten finden Sie in der <a href=\"https:\/\/www.henle.de\/de\/datenschutz\/index.html\">Datenschutzerkl\u00e4rung<\/a>. Sie k\u00f6nnen gerne Pseudonyme und anonyme Angaben hinterlassen.<br \/>\nIhre E-Mail-Adresse wird nicht ver\u00f6ffentlicht.<\/p>\n\n<div class=\"wpcf7 no-js\" id=\"wpcf7-f7658-o1\" lang=\"en-US\" dir=\"ltr\">\n<div class=\"screen-reader-response\"><p role=\"status\" aria-live=\"polite\" aria-atomic=\"true\"><\/p> <ul><\/ul><\/div>\n<form action=\"\/de\/wp-json\/wp\/v2\/pages\/28#wpcf7-f7658-o1\" method=\"post\" class=\"wpcf7-form init\" aria-label=\"Contact form\" novalidate=\"novalidate\" data-status=\"init\">\n<div style=\"display: none;\">\n<input type=\"hidden\" name=\"_wpcf7\" value=\"7658\" \/>\n<input type=\"hidden\" name=\"_wpcf7_version\" value=\"5.8\" \/>\n<input type=\"hidden\" name=\"_wpcf7_locale\" value=\"en_US\" \/>\n<input type=\"hidden\" name=\"_wpcf7_unit_tag\" value=\"wpcf7-f7658-o1\" \/>\n<input type=\"hidden\" name=\"_wpcf7_container_post\" value=\"0\" \/>\n<input type=\"hidden\" name=\"_wpcf7_posted_data_hash\" value=\"\" \/>\n<\/div>\n<p><span id=\"wpcf7-69e5dc002ab9c-wrapper\" class=\"wpcf7-form-control-wrap city-658-wrap\" ><label for=\"wpcf7-69e5dc002ab9c-field\" class=\"hp-message\">Please leave this field empty.<\/label><input id=\"wpcf7-69e5dc002ab9c-field\"  class=\"wpcf7-form-control wpcf7-text\" type=\"text\" name=\"city-658\" value=\"\" size=\"40\" tabindex=\"-1\" autocomplete=\"new-password\" \/><\/span>\n<\/p>\n<p>Ihr Name (Pflichtfeld)\n<\/p>\n<p><span class=\"wpcf7-form-control-wrap\" data-name=\"your-name\"><input size=\"40\" class=\"wpcf7-form-control wpcf7-text wpcf7-validates-as-required\" aria-required=\"true\" aria-invalid=\"false\" value=\"\" type=\"text\" name=\"your-name\" \/><\/span>\n<\/p>\n<p>Ihre Email (Pflichtfeld)\n<\/p>\n<p><span class=\"wpcf7-form-control-wrap\" data-name=\"your-email\"><input size=\"40\" class=\"wpcf7-form-control wpcf7-email wpcf7-validates-as-required wpcf7-text wpcf7-validates-as-email\" aria-required=\"true\" aria-invalid=\"false\" value=\"\" type=\"email\" name=\"your-email\" \/><\/span>\n<\/p>\n<p>Betreff\n<\/p>\n<p><span class=\"wpcf7-form-control-wrap\" data-name=\"your-subject\"><input size=\"40\" class=\"wpcf7-form-control wpcf7-text\" aria-invalid=\"false\" value=\"\" type=\"text\" name=\"your-subject\" \/><\/span>\n<\/p>\n<p>Ihre Nachricht\n<\/p>\n<p><span class=\"wpcf7-form-control-wrap\" data-name=\"your-message\"><textarea cols=\"40\" rows=\"10\" class=\"wpcf7-form-control wpcf7-textarea\" aria-invalid=\"false\" name=\"your-message\"><\/textarea><\/span>\n<\/p>\n<p><input class=\"wpcf7-form-control wpcf7-submit has-spinner\" type=\"submit\" value=\"Senden\" \/>\n<\/p><div class=\"wpcf7-response-output\" aria-hidden=\"true\"><\/div>\n<\/form>\n<\/div>\n\n","protected":false},"excerpt":{"rendered":"<p>Durch den Klick auf &#8220;Senden&#8221; erlauben Sie der G. Henle &hellip; <a href=\"https:\/\/blog.henle.de\/de\/fragen-an-die-redaktion\/\">Weiterlesen <span class=\"meta-nav\">&rarr;<\/span><\/a><\/p>\n","protected":false},"author":1,"featured_media":0,"parent":0,"menu_order":2,"comment_status":"closed","ping_status":"open","template":"","meta":{"footnotes":""},"_links":{"self":[{"href":"https:\/\/blog.henle.de\/de\/wp-json\/wp\/v2\/pages\/28"}],"collection":[{"href":"https:\/\/blog.henle.de\/de\/wp-json\/wp\/v2\/pages"}],"about":[{"href":"https:\/\/blog.henle.de\/de\/wp-json\/wp\/v2\/types\/page"}],"author":[{"embeddable":true,"href":"https:\/\/blog.henle.de\/de\/wp-json\/wp\/v2\/users\/1"}],"replies":[{"embeddable":true,"href":"https:\/\/blog.henle.de\/de\/wp-json\/wp\/v2\/comments?post=28"}],"version-history":[{"count":10,"href":"https:\/\/blog.henle.de\/de\/wp-json\/wp\/v2\/pages\/28\/revisions"}],"predecessor-version":[{"id":9041,"href":"https:\/\/blog.henle.de\/de\/wp-json\/wp\/v2\/pages\/28\/revisions\/9041"}],"wp:attachment":[{"href":"https:\/\/blog.henle.de\/de\/wp-json\/wp\/v2\/media?parent=28"}],"curies":[{"name":"wp","href":"https:\/\/api.w.org\/{rel}","templated":true}]}}