{"id":7,"date":"2011-06-15T13:30:05","date_gmt":"2011-06-15T11:30:05","guid":{"rendered":"http:\/\/www.henle.de\/blog\/de\/?page_id=7"},"modified":"2025-10-08T12:52:45","modified_gmt":"2025-10-08T10:52:45","slug":"die-autoren","status":"publish","type":"page","link":"https:\/\/blog.henle.de\/de\/die-autoren\/","title":{"rendered":"Die Autoren"},"content":{"rendered":"<p><a href=\"https:\/\/blog.henle.de\/de\/files\/2019\/11\/NG-e1704707534265.jpg\"><img decoding=\"async\" loading=\"lazy\" class=\"wp-image-8447 size-full alignleft\" src=\"https:\/\/blog.henle.de\/de\/files\/2019\/11\/NG-e1704707534265.jpg\" alt=\"\" width=\"92\" height=\"124\" \/><\/a><strong>Dr. Norbert Gertsch<\/strong><br \/>\nGesch\u00e4ftsf\u00fchrender Verlagsleiter<br \/>\n***<br \/>\nStudiert habe ich Musikwissenschaft und Klavier, im G. Henle Verlag arbeite ich seit 1997. Mein wissenschaftlicher Schwerpunkt liegt bei Beethoven, im Verlag setze ich mich auch f\u00fcr das Klarinetten- und Violarepertoire stark ein. In der musikalischen Interpretation sind Claudio Arrau und Maria Callas f\u00fcr mich das Ma\u00df aller Dinge. Neben der Musik interessiere ich mich f\u00fcr Film und Neue Medien. Um nicht v\u00f6llig einzurosten, reite ich.<\/p>\n<p><a href=\"https:\/\/blog.henle.de\/de\/files\/2019\/11\/MM-e1704707663482.jpg\"><img decoding=\"async\" loading=\"lazy\" class=\"wp-image-8449 size-full alignleft\" src=\"https:\/\/blog.henle.de\/de\/files\/2019\/11\/MM-e1704707663482.jpg\" alt=\"\" width=\"92\" height=\"124\" \/><\/a><strong>Dr. Norbert M\u00fcllemann<\/strong><br \/>\nProgrammleiter<br \/>\n***<br \/>\nMeine Erstkontakte zur Musikpraxis vermittelte mir, wie so vielen, die Blockfl\u00f6te. Die wahre Leidenschaft galt aber schon bald dem Klavier. Nach dem Studium (Musikwissenschaften und Klavier) kam ich 2004 zum G. Henle Verlag. In unserem Katalog liegt mir das Klavierprogramm sehr am Herzen und darin besonders das romantische Repertoire (speziell Chopin); dennoch bekenne ich mich offen zu meinem Hausgott Bach. Klavierspielen geh\u00f6rt nach wie vor zu meinen Lieblingsbesch\u00e4ftigungen.<\/p>\n<p><a href=\"https:\/\/blog.henle.de\/de\/files\/2019\/11\/PJ-e1704707781789.jpg\"><img decoding=\"async\" loading=\"lazy\" class=\"wp-image-8448 size-full alignleft\" src=\"https:\/\/blog.henle.de\/de\/files\/2019\/11\/PJ-e1704707781789.jpg\" alt=\"\" width=\"92\" height=\"124\" \/><\/a><strong>Dr. Peter Jost<\/strong><br \/>\nLektor<br \/>\n***<br \/>\nIch bin erst sp\u00e4t &#8211; durch ein uraltes geschenktes Klavier &#8211; zur Musik gekommen und ebenfalls erst sp\u00e4t zum G. Henle Verlag (seit 2009). Nach dem Studium von Musik- und Literaturwissenschaft war ich viele Jahre lang bei der Richard Wagner-Gesamtausgabe besch\u00e4ftigt. Der Weg f\u00fchrte also vom Klavier zum Orchester und jetzt wieder zur\u00fcck. Neben der Musik ist die Literatur meine gro\u00dfe Leidenschaft, und ich verbringe jede freie Minute mit einem Buch.<\/p>\n<p><a href=\"https:\/\/blog.henle.de\/de\/files\/2019\/11\/AO-e1704707902765.jpg\"><img decoding=\"async\" loading=\"lazy\" class=\"wp-image-8446 size-full alignleft\" src=\"https:\/\/blog.henle.de\/de\/files\/2019\/11\/AO-e1704707902765.jpg\" alt=\"\" width=\"92\" height=\"124\" \/><\/a><strong>Dr. Annette Oppermann<\/strong><br \/>\nLektorin<br \/>\n***<br \/>\nSchon w\u00e4hrend der Ausbildung zur Musikalienh\u00e4ndlerin habe ich meine Liebe zu Noten entdeckt. Im Studium der Musikwissenschaft und Literatur entwickelten sie sich zu meinem Spezialgebiet, bevor ich dann bei der Gesamtausgabe Joseph Haydn Werke endlich selbst edieren durfte. Bei Henle betreue ich seit 2008 neben Kammermusik vor allem das Lied, womit ich eine weitere Leidenschaft von mir zum Beruf gemacht habe. Das Singen pflege ich auch privat intensiv, ob im Chor oder allein.<\/p>\n<p><a href=\"https:\/\/blog.henle.de\/de\/files\/2019\/11\/DR-e1704707934293.jpg\"><img decoding=\"async\" loading=\"lazy\" class=\"wp-image-8450 size-full alignleft\" src=\"https:\/\/blog.henle.de\/de\/files\/2019\/11\/DR-e1704707934293.jpg\" alt=\"\" width=\"92\" height=\"124\" \/><\/a><strong>Dr. Dominik Rahmer<\/strong><br \/>\nLektor<br \/>\n***<br \/>\nMusikwissenschaft habe ich in der Beethoven-Stadt Bonn studiert, bevor ich die spannende Welt der Musikverlage betrat: zun\u00e4chst 10 Jahre bei Boosey&amp;Hawkes in Berlin, und seit 2011 nun bei Henle. Neben dem Klavier spiele ich seit einigen Jahren leidenschaftlich gern Posaune, daher liegt mir auch am Herzen, unser Repertoire f\u00fcr Blechbl\u00e4ser zu erweitern. Au\u00dferdem habe ich eine Schw\u00e4che f\u00fcr die franz\u00f6sische Musik und Literatur.<\/p>\n<p><a href=\"https:\/\/blog.henle.de\/de\/files\/2024\/11\/pernpeintner_2024_web_200px.jpg\"><img decoding=\"async\" loading=\"lazy\" class=\"alignleft wp-image-11400\" src=\"https:\/\/blog.henle.de\/de\/files\/2024\/11\/pernpeintner_2024_web_200px.jpg\" alt=\"\" width=\"92\" height=\"124\" \/><\/a><strong>Dr. Andreas Pernpeintner<\/strong><br \/>\nLektor<br \/>\n***<br \/>\nMusik ist f\u00fcr mich einfach hinrei\u00dfend. Ich darf sie edieren, ich darf \u00fcber sie schreiben und wenn ich sie auf dem Klavier oder der Hammond-Orgel spiele, darf ich die Grenzen zwischen Klassik, Rock und anderen Stilen ignorieren, ohne dass sie mir b\u00f6se ist. Studiert habe ich Musikwissenschaft, Musikp\u00e4dagogik und Geschichte. Sp\u00e4ter war ich 14 Jahre Editor bei der Richard-Strauss-Ausgabe. Seit April 2024 befasse ich mich im Henle-Lektorat besonders gerne mit Klaviermusik des 19. und 20. Jahrhunderts sowie mit Werken von Komponistinnen, die viel zu lange unbeachtet blieben.<\/p>\n<h2>Als Gast:<\/h2>\n<p style=\"text-align: left;\"><a href=\"https:\/\/blog.henle.de\/de\/files\/2019\/11\/WDS-e1704707090435.jpg\"><strong><img decoding=\"async\" loading=\"lazy\" class=\"alignleft wp-image-8451\" src=\"https:\/\/blog.henle.de\/de\/files\/2019\/11\/WDS-e1704707090435.jpg\" alt=\"\" width=\"92\" height=\"124\" \/><\/strong><\/a><strong>Dr. Wolf-Dieter Seiffert<\/strong><br \/>\nEhemaliger Gesch\u00e4ftsf\u00fchrender Verlagsleiter (bis 2023)<br \/>\n***<br \/>\nAls Gesch\u00e4ftsf\u00fchrer des G. Henle Verlags hatte ich den sch\u00f6nsten Beruf der Welt. Musik spielte f\u00fcr mich schon als Kind (obligatorischer Klavierunterricht) und dann als Jugendlicher (Keyboard in mehreren Rock-, Jazz- und Tanzbands) eine gr\u00f6\u00dfere Rolle als die Schule. W\u00e4hrend des mit Begeisterung betriebenen Studiums der Musikwissenschaft hie\u00df es dann zunehmend \u201emostly Mozart\u201c \u2013 ein Komponist, dessen Musik mich, je \u00e4lter ich werde, desto st\u00e4rker bewegt. Der Henle-Blog bringt mich auf neuartige Weise in Kontakt mit Gleichgesinnten \u2013 ein frischer Aspekt im ohnehin sch\u00f6nsten Beruf der Welt.<\/p>\n<h2>Weitere G\u00e4ste:<\/h2>\n<p><strong>Rupert Marshall-Luck<\/strong><br \/>\n<a href=\"http:\/\/www.rupertluck.com\/\" target=\"_blank\" rel=\"noopener\">Rupert Marshall-Luck<\/a> studierte Musikwissenschaften an der Universit\u00e4t von Cambridge und Violine am Royal College of Music, London. Heute tritt er bei gro\u00dfen Musikfestivals und in den Konzerts\u00e4len Europas und den USA auf. Rupert Marshall-Luck widmet sich zudem den auff\u00fchrungspraktischen Aspekten der Musik in Wort und Schrift. Er gab zahlreiche Vortragskonzerte, Seminare und Meisterklassen\/-kurse. Au\u00dferdem ist er Hauptschriftleiter bei EM Publishing. F\u00fcr Auff\u00fchrungen und Aufnahmen hat er eine ganze Reihe von Werken ediert. Zurzeit arbeitet er an einer Neuausgabe von Edward Elgars <em>Salut d\u2019Amour<\/em> f\u00fcr den G. Henle Verlag in M\u00fcnchen.<\/p>\n<p><strong>Dr. Ray Iwazumi<\/strong><br \/>\n<a title=\"Ray Iwazumi\" href=\"http:\/\/www.rayiwazumi.com\/\" target=\"_blank\" rel=\"noopener\">Dr. Ray Iwazumi<\/a> ist Geiger, Autor und Dozent an der Juilliard School. Regelm\u00e4\u00dfig gastiert er als Solist bei Konzerten in den USA und Japan, zudem gibt er seine Erfahrungen bei Gespr\u00e4chskonzerten und Meisterkursen weiter. Einige seiner Artikel erschienen in <em>The Strad<\/em> und <em>MLA Notes<\/em>, eine \u00fcber vier Jahre dauernde monatliche Artikelserie zu Ysa\u00ffe in der japanischen Zeitschrift <em>String<\/em>. Vor kurzem schloss er eine Neuausgabe von Wieniawskis <em>Scherzo-Tarantella<\/em> f\u00fcr den G. Henle Verlag ab (<a title=\"HN 553\" href=\"http:\/\/www.henle.de\/de\/detail\/index.html?Titel=Scherzo-Tarantella+g-moll+op.+16_553\" target=\"_blank\" rel=\"noopener\">HN 553<\/a>).<\/p>\n","protected":false},"excerpt":{"rendered":"<p>Dr. Norbert Gertsch Gesch\u00e4ftsf\u00fchrender Verlagsleiter *** Studiert habe ich Musikwissenschaft &hellip; <a href=\"https:\/\/blog.henle.de\/de\/die-autoren\/\">Weiterlesen <span class=\"meta-nav\">&rarr;<\/span><\/a><\/p>\n","protected":false},"author":1,"featured_media":0,"parent":0,"menu_order":1,"comment_status":"closed","ping_status":"closed","template":"","meta":{"footnotes":""},"_links":{"self":[{"href":"https:\/\/blog.henle.de\/de\/wp-json\/wp\/v2\/pages\/7"}],"collection":[{"href":"https:\/\/blog.henle.de\/de\/wp-json\/wp\/v2\/pages"}],"about":[{"href":"https:\/\/blog.henle.de\/de\/wp-json\/wp\/v2\/types\/page"}],"author":[{"embeddable":true,"href":"https:\/\/blog.henle.de\/de\/wp-json\/wp\/v2\/users\/1"}],"replies":[{"embeddable":true,"href":"https:\/\/blog.henle.de\/de\/wp-json\/wp\/v2\/comments?post=7"}],"version-history":[{"count":47,"href":"https:\/\/blog.henle.de\/de\/wp-json\/wp\/v2\/pages\/7\/revisions"}],"predecessor-version":[{"id":11834,"href":"https:\/\/blog.henle.de\/de\/wp-json\/wp\/v2\/pages\/7\/revisions\/11834"}],"wp:attachment":[{"href":"https:\/\/blog.henle.de\/de\/wp-json\/wp\/v2\/media?parent=7"}],"curies":[{"name":"wp","href":"https:\/\/api.w.org\/{rel}","templated":true}]}}